{"id":815,"date":"2022-04-01T11:50:37","date_gmt":"2022-04-01T09:50:37","guid":{"rendered":"https:\/\/www.elirra.com\/contacteer-ons\/"},"modified":"2024-06-21T13:48:32","modified_gmt":"2024-06-21T11:48:32","slug":"contacteer-ons","status":"publish","type":"page","link":"https:\/\/elirra.com\/nl\/contacteer-ons\/","title":{"rendered":"Contacteer ons"},"content":{"rendered":"\t\t<div data-elementor-type=\"wp-page\" data-elementor-id=\"815\" class=\"elementor elementor-815 elementor-87\" data-elementor-post-type=\"page\">\n\t\t\t\t\t\t<section class=\"elementor-section elementor-top-section elementor-element elementor-element-7cebed9b cspt-col-stretched-none cspt-bg-color-over-image elementor-section-boxed elementor-section-height-default elementor-section-height-default\" data-id=\"7cebed9b\" data-element_type=\"section\">\n\t\t\t\t\t\t<div class=\"elementor-container elementor-column-gap-no\">\n\t\t\t\t\t<div class=\"elementor-column elementor-col-100 elementor-top-column elementor-element elementor-element-36d14e47 cspt-bg-color-over-image\" data-id=\"36d14e47\" data-element_type=\"column\">\n\t\t\t<div class=\"elementor-widget-wrap elementor-element-populated\">\n\t\t\t\t\t\t<section class=\"elementor-section elementor-inner-section elementor-element elementor-element-2cfb2c84 cspt-col-stretched-none cspt-bg-color-over-image elementor-section-boxed elementor-section-height-default elementor-section-height-default\" data-id=\"2cfb2c84\" data-element_type=\"section\">\n\t\t\t\t\t\t<div class=\"elementor-container elementor-column-gap-default\">\n\t\t\t\t\t<div class=\"elementor-column elementor-col-50 elementor-inner-column elementor-element elementor-element-2b96f888 cspt-bg-color-yes cspt-elementor-bg-color-globalcolor cspt-text-color-white cspt-bg-color-over-image\" data-id=\"2b96f888\" data-element_type=\"column\">\n\t\t\t<div class=\"elementor-widget-wrap elementor-element-populated\">\n\t\t\t\t\t\t<div class=\"elementor-element elementor-element-356a46df elementor-widget elementor-widget-heading\" data-id=\"356a46df\" data-element_type=\"widget\" data-widget_type=\"heading.default\">\n\t\t\t\t<div class=\"elementor-widget-container\">\n\t\t\t<h2 class=\"elementor-heading-title elementor-size-default\">Neem contact op met ons<\/h2>\t\t<\/div>\n\t\t\t\t<\/div>\n\t\t\t\t<div class=\"elementor-element elementor-element-240c1e59 elementor-widget elementor-widget-heading\" data-id=\"240c1e59\" data-element_type=\"widget\" data-widget_type=\"heading.default\">\n\t\t\t\t<div class=\"elementor-widget-container\">\n\t\t\t<h2 class=\"elementor-heading-title elementor-size-default\">Adres<\/h2>\t\t<\/div>\n\t\t\t\t<\/div>\n\t\t\t\t<div class=\"elementor-element elementor-element-771128e7 elementor-widget elementor-widget-text-editor\" data-id=\"771128e7\" data-element_type=\"widget\" data-widget_type=\"text-editor.default\">\n\t\t\t\t<div class=\"elementor-widget-container\">\n\t\t\t\t\t\t\t<p><strong>Vlaanderen \/ Europa<\/strong><br \/>Kloostermolenlaan 1<br \/>3800 Sint-Truiden<br \/>Belgi\u00eb<\/p><p><strong>Walloni\u00eb<\/strong><br \/>rue de Goz\u00e9e 300<br \/>6110 Montigny-Le-Tilleul (Charleroi)<\/p>\t\t\t\t\t\t<\/div>\n\t\t\t\t<\/div>\n\t\t\t\t<div class=\"elementor-element elementor-element-78f0422a elementor-widget elementor-widget-heading\" data-id=\"78f0422a\" data-element_type=\"widget\" data-widget_type=\"heading.default\">\n\t\t\t\t<div class=\"elementor-widget-container\">\n\t\t\t<h2 class=\"elementor-heading-title elementor-size-default\">Telefoon<\/h2>\t\t<\/div>\n\t\t\t\t<\/div>\n\t\t\t\t<div class=\"elementor-element elementor-element-2426d543 elementor-widget elementor-widget-text-editor\" data-id=\"2426d543\" data-element_type=\"widget\" data-widget_type=\"text-editor.default\">\n\t\t\t\t<div class=\"elementor-widget-container\">\n\t\t\t\t\t\t\t<p>Vlaanderen \/ Europa : +32 483 987 789<br \/>Walloni\u00eb : +32 71 36 36 36<\/p>\t\t\t\t\t\t<\/div>\n\t\t\t\t<\/div>\n\t\t\t\t<div class=\"elementor-element elementor-element-57f56889 elementor-widget elementor-widget-heading\" data-id=\"57f56889\" data-element_type=\"widget\" data-widget_type=\"heading.default\">\n\t\t\t\t<div class=\"elementor-widget-container\">\n\t\t\t<h2 class=\"elementor-heading-title elementor-size-default\">Email<\/h2>\t\t<\/div>\n\t\t\t\t<\/div>\n\t\t\t\t<div class=\"elementor-element elementor-element-9ed8f8f elementor-widget elementor-widget-text-editor\" data-id=\"9ed8f8f\" data-element_type=\"widget\" data-widget_type=\"text-editor.default\">\n\t\t\t\t<div class=\"elementor-widget-container\">\n\t\t\t\t\t\t\t<p>Vlaanderen \/ Europa: info(@)elirra.com<br \/>Walloni\u00eb: foxeco(@)elirra.com<\/p>\t\t\t\t\t\t<\/div>\n\t\t\t\t<\/div>\n\t\t\t\t<div class=\"elementor-element elementor-element-9b619bd e-grid-align-left elementor-shape-rounded elementor-grid-0 elementor-widget elementor-widget-social-icons\" data-id=\"9b619bd\" data-element_type=\"widget\" data-widget_type=\"social-icons.default\">\n\t\t\t\t<div class=\"elementor-widget-container\">\n\t\t\t\t\t<div class=\"elementor-social-icons-wrapper elementor-grid\">\n\t\t\t\t\t\t\t<span class=\"elementor-grid-item\">\n\t\t\t\t\t<a class=\"elementor-icon elementor-social-icon elementor-social-icon-facebook-square elementor-repeater-item-ac0f598\" target=\"_blank\">\n\t\t\t\t\t\t<span class=\"elementor-screen-only\">Facebook-square<\/span>\n\t\t\t\t\t\t<i class=\"fab fa-facebook-square\"><\/i>\t\t\t\t\t<\/a>\n\t\t\t\t<\/span>\n\t\t\t\t\t\t\t<span class=\"elementor-grid-item\">\n\t\t\t\t\t<a class=\"elementor-icon elementor-social-icon elementor-social-icon-twitter elementor-repeater-item-c15a72c\" target=\"_blank\">\n\t\t\t\t\t\t<span class=\"elementor-screen-only\">Twitter<\/span>\n\t\t\t\t\t\t<i class=\"fab fa-twitter\"><\/i>\t\t\t\t\t<\/a>\n\t\t\t\t<\/span>\n\t\t\t\t\t\t\t<span class=\"elementor-grid-item\">\n\t\t\t\t\t<a class=\"elementor-icon elementor-social-icon elementor-social-icon-linkedin elementor-repeater-item-b37381b\" target=\"_blank\">\n\t\t\t\t\t\t<span class=\"elementor-screen-only\">Linkedin<\/span>\n\t\t\t\t\t\t<i class=\"fab fa-linkedin\"><\/i>\t\t\t\t\t<\/a>\n\t\t\t\t<\/span>\n\t\t\t\t\t<\/div>\n\t\t\t\t<\/div>\n\t\t\t\t<\/div>\n\t\t\t\t\t<\/div>\n\t\t<\/div>\n\t\t\t\t<div class=\"elementor-column elementor-col-50 elementor-inner-column elementor-element elementor-element-50d1eed4 cspt-bg-color-over-image\" data-id=\"50d1eed4\" data-element_type=\"column\">\n\t\t\t<div class=\"elementor-widget-wrap elementor-element-populated\">\n\t\t\t\t\t\t<div class=\"elementor-element elementor-element-d932300 elementor-widget elementor-widget-text-editor\" data-id=\"d932300\" data-element_type=\"widget\" data-widget_type=\"text-editor.default\">\n\t\t\t\t<div class=\"elementor-widget-container\">\n\t\t\t\t\t\t\tWil je een offerte? <br>\n\n<a class=\"mt-4 btn btn-black\" href=\"\/nl\/vraag-uw-offerte-aan\/\">Klik hier<\/a>\t\t\t\t\t\t<\/div>\n\t\t\t\t<\/div>\n\t\t\t\t<div class=\"elementor-element elementor-element-40b54e6b elementor-widget elementor-widget-heading\" data-id=\"40b54e6b\" data-element_type=\"widget\" data-widget_type=\"heading.default\">\n\t\t\t\t<div class=\"elementor-widget-container\">\n\t\t\t<h2 class=\"elementor-heading-title elementor-size-default\">Stuur ons een bericht<\/h2>\t\t<\/div>\n\t\t\t\t<\/div>\n\t\t\t\t<div class=\"elementor-element elementor-element-1911dfe elementor-widget elementor-widget-shortcode\" data-id=\"1911dfe\" data-element_type=\"widget\" data-widget_type=\"shortcode.default\">\n\t\t\t\t<div class=\"elementor-widget-container\">\n\t\t\t\t\t<div class=\"elementor-shortcode\"><div class=\"frm_forms  with_frm_style frm_style_style-formidable\" id=\"frm_form_1_container\" >\n<form enctype=\"multipart\/form-data\" method=\"post\" class=\"frm-show-form  frm_pro_form \" id=\"form_contact-form\"  >\n<div class=\"frm_form_fields \">\n<fieldset>\n<legend class=\"frm_screen_reader\">Contact<\/legend>\r\n\r\n<div class=\"frm_fields_container\">\n<input type=\"hidden\" name=\"frm_action\" value=\"create\" \/>\n<input type=\"hidden\" name=\"form_id\" value=\"1\" \/>\n<input type=\"hidden\" name=\"frm_hide_fields_1\" id=\"frm_hide_fields_1\" value=\"\" \/>\n<input type=\"hidden\" name=\"form_key\" value=\"contact-form\" \/>\n<input type=\"hidden\" name=\"item_meta[0]\" value=\"\" \/>\n<input type=\"hidden\" id=\"frm_submit_entry_1\" name=\"frm_submit_entry_1\" value=\"3a28030905\" \/><input type=\"hidden\" name=\"_wp_http_referer\" value=\"\/nl\/wp-json\/wp\/v2\/pages\/815\" \/><input type=\"hidden\" name=\"item_meta[32]\" id=\"field_uq5nf\" value=\"nl\"  data-frmval=\"nl\"   \/>\n<div id=\"frm_field_1_container\" class=\"frm_form_field form-field  frm_required_field frm_top_container frm12 frm_first\">\r\n    <label for=\"field_qh4icy\" id=\"field_qh4icy_label\" class=\"frm_primary_label\">Jouw naam\r\n        <span class=\"frm_required\" aria-hidden=\"true\">*<\/span>\r\n    <\/label>\r\n    <input type=\"text\" id=\"field_qh4icy\" name=\"item_meta[1]\" value=\"\"  data-reqmsg=\"Dit veld mag niet leeg zijn\" aria-required=\"true\" data-invmsg=\"Name est non valide\" aria-invalid=\"false\"  \/>\r\n    \r\n    \r\n<\/div>\n<div id=\"frm_field_3_container\" class=\"frm_form_field form-field  frm_required_field frm_top_container frm_full\">\r\n    <label for=\"field_29yf4d\" id=\"field_29yf4d_label\" class=\"frm_primary_label\">E-mail\r\n        <span class=\"frm_required\" aria-hidden=\"true\">*<\/span>\r\n    <\/label>\r\n    <input type=\"email\" id=\"field_29yf4d\" name=\"item_meta[3]\" value=\"\"  data-reqmsg=\"Dit veld mag niet leeg zijn\" aria-required=\"true\" data-invmsg=\"Voer een geldig e-mailadres in\" aria-invalid=\"false\"  \/>\r\n    \r\n    \r\n<\/div>\n<div id=\"frm_field_6_container\" class=\"frm_form_field form-field  frm_top_container frm_other_container\">\r\n    <label for=\"field_6l60g\" id=\"field_6l60g_label\" class=\"frm_primary_label\">Onderwerp\r\n        <span class=\"frm_required\" aria-hidden=\"true\"><\/span>\r\n    <\/label>\r\n    \t\t<select name=\"item_meta[6]\" id=\"field_6l60g\"  data-invmsg=\"Onderwerp is ongeldig\" aria-invalid=\"false\"  >\n\t\t<option  value=\"\" selected='selected'> <\/option><option  value=\"Demande de rendez-vous\">Een afspraak aanvragen<\/option><option  value=\"Informations g\u00e9n\u00e9rales\">Algemene informatie<\/option><option  value=\"Autre\" class=\"frm_other_trigger\">Andere<\/option>\t<\/select>\n\t<label for=\"field_6l60g-otext\" class=\"frm_screen_reader frm_hidden\">Onderwerp<\/label><input type=\"text\" id=\"field_6l60g-otext\" class=\"frm_other_input frm_pos_none\"  name=\"item_meta[other][6]\" value=\"\" \/>\r\n    \r\n    \r\n<\/div>\n<div id=\"frm_field_5_container\" class=\"frm_form_field form-field  frm_required_field frm_top_container frm_full\">\r\n    <label for=\"field_9jv0r1\" id=\"field_9jv0r1_label\" class=\"frm_primary_label\">Bericht\r\n        <span class=\"frm_required\" aria-hidden=\"true\">*<\/span>\r\n    <\/label>\r\n    <textarea name=\"item_meta[5]\" id=\"field_9jv0r1\" rows=\"5\"  data-reqmsg=\"Dit veld mag niet leeg zijn\" aria-required=\"true\" data-invmsg=\"Message est non valide\" aria-invalid=\"false\"  ><\/textarea>\r\n    \r\n    \r\n<\/div>\n<div id=\"frm_field_33_container\" class=\"frm_form_field form-field  frm_none_container\">\r\n    <label for=\"g-recaptcha-response\" id=\"field_bfxvb_label\" class=\"frm_primary_label\">CAPTCHA\r\n        <span class=\"frm_required\" aria-hidden=\"true\"><\/span>\r\n    <\/label>\r\n    <div  id=\"field_bfxvb\" class=\"frm-g-recaptcha\" data-sitekey=\"6Lc4sfEhAAAAACc12GIurs8w-ry706W7_e6EpD20\" data-size=\"invisible\" data-theme=\"light\"><\/div>\r\n    \r\n    \r\n<\/div>\n<div id=\"frm_field_36_container\" class=\"frm_form_field form-field \">\n\t<div class=\"frm_submit\">\r\n\r\n<button class=\"frm_button_submit frm_final_submit\" type=\"submit\"   formnovalidate=\"formnovalidate\">Envoyer<\/button>\r\n\r\n\r\n<\/div>\n<\/div>\n\t<input type=\"hidden\" name=\"item_key\" value=\"\" \/>\n\t\t\t\t<div class=\"frm__6549ebec579fe\">\n\t\t\t\t<label for=\"frm_email_1\" >\n\t\t\t\t\tIndien je een mens bent, laat dit veld leeg:.\t\t\t\t<\/label>\n\t\t\t\t<input  id=\"frm_email_1\" type=\"text\" class=\"frm_verify\" name=\"frm__6549ebec579fe\" value=\"\" autocomplete=\"false\"  \/>\n\t\t\t<\/div>\n\t\t<input name=\"frm_state\" type=\"hidden\" value=\"IIMKXYXD6w\/HBy2HNSFz2snY+W22L4bYUERtVI0O8nQ=\" \/><\/div>\n<\/fieldset>\n<\/div>\n<\/form>\n<\/div>\n<\/div>\n\t\t\t\t<\/div>\n\t\t\t\t<\/div>\n\t\t\t\t\t<\/div>\n\t\t<\/div>\n\t\t\t\t\t<\/div>\n\t\t<\/section>\n\t\t\t\t<div class=\"elementor-element elementor-element-8bae3ab elementor-widget elementor-widget-shortcode\" data-id=\"8bae3ab\" data-element_type=\"widget\" data-widget_type=\"shortcode.default\">\n\t\t\t\t<div class=\"elementor-widget-container\">\n\t\t\t\t\t<div class=\"elementor-shortcode\"><\/div>\n\t\t\t\t<\/div>\n\t\t\t\t<\/div>\n\t\t\t\t\t<\/div>\n\t\t<\/div>\n\t\t\t\t\t<\/div>\n\t\t<\/section>\n\t\t\t\t<\/div>\n\t\t","protected":false},"excerpt":{"rendered":"<p>Neem contact op met ons Adres Vlaanderen \/ EuropaKloostermolenlaan 13800 Sint-TruidenBelgi\u00eb Walloni\u00ebrue de Goz\u00e9e 3006110 Montigny-Le-Tilleul (Charleroi) Telefoon Vlaanderen \/ Europa : +32 483 987 789Walloni\u00eb : +32 71 36 36 36 Email Vlaanderen \/ Europa: info(@)elirra.comWalloni\u00eb: foxeco(@)elirra.com Facebook-square Twitter Linkedin Wil je een offerte? Klik hier Stuur ons een bericht<\/p>\n","protected":false},"author":1,"featured_media":0,"parent":0,"menu_order":23,"comment_status":"closed","ping_status":"closed","template":"","meta":{"_acf_changed":false,"footnotes":""},"class_list":["post-815","page","type-page","status-publish","hentry"],"acf":[],"yoast_head":"<!-- This site is optimized with the Yoast SEO plugin v22.6 - https:\/\/yoast.com\/wordpress\/plugins\/seo\/ -->\n<title>Contacteer ons - Elirra<\/title>\n<meta name=\"robots\" content=\"index, follow, max-snippet:-1, max-image-preview:large, max-video-preview:-1\" \/>\n<link rel=\"canonical\" href=\"https:\/\/elirra.com\/nl\/contacteer-ons\/\" \/>\n<meta property=\"og:locale\" content=\"nl_NL\" \/>\n<meta property=\"og:type\" content=\"article\" \/>\n<meta property=\"og:title\" content=\"Contacteer ons - Elirra\" \/>\n<meta property=\"og:description\" content=\"Neem contact op met ons Adres Vlaanderen \/ EuropaKloostermolenlaan 13800 Sint-TruidenBelgi\u00eb Walloni\u00ebrue de Goz\u00e9e 3006110 Montigny-Le-Tilleul (Charleroi) Telefoon Vlaanderen \/ Europa : +32 483 987 789Walloni\u00eb : +32 71 36 36 36 Email Vlaanderen \/ Europa: info(@)elirra.comWalloni\u00eb: foxeco(@)elirra.com Facebook-square Twitter Linkedin Wil je een offerte? Klik hier Stuur ons een bericht\" \/>\n<meta property=\"og:url\" content=\"https:\/\/elirra.com\/nl\/contacteer-ons\/\" \/>\n<meta property=\"og:site_name\" content=\"Elirra\" \/>\n<meta property=\"article:publisher\" content=\"https:\/\/www.facebook.com\/profile.php?id=100070011470539\" \/>\n<meta property=\"article:modified_time\" content=\"2024-06-21T11:48:32+00:00\" \/>\n<meta name=\"twitter:card\" content=\"summary_large_image\" \/>\n<meta name=\"twitter:label1\" content=\"Geschatte leestijd\" \/>\n\t<meta name=\"twitter:data1\" content=\"1 minuut\" \/>\n<script type=\"application\/ld+json\" class=\"yoast-schema-graph\">{\"@context\":\"https:\/\/schema.org\",\"@graph\":[{\"@type\":\"WebPage\",\"@id\":\"https:\/\/elirra.com\/nl\/contacteer-ons\/\",\"url\":\"https:\/\/elirra.com\/nl\/contacteer-ons\/\",\"name\":\"Contacteer ons - Elirra\",\"isPartOf\":{\"@id\":\"https:\/\/elirra.com\/nl\/#website\"},\"datePublished\":\"2022-04-01T09:50:37+00:00\",\"dateModified\":\"2024-06-21T11:48:32+00:00\",\"breadcrumb\":{\"@id\":\"https:\/\/elirra.com\/nl\/contacteer-ons\/#breadcrumb\"},\"inLanguage\":\"nl-NL\",\"potentialAction\":[{\"@type\":\"ReadAction\",\"target\":[\"https:\/\/elirra.com\/nl\/contacteer-ons\/\"]}]},{\"@type\":\"BreadcrumbList\",\"@id\":\"https:\/\/elirra.com\/nl\/contacteer-ons\/#breadcrumb\",\"itemListElement\":[{\"@type\":\"ListItem\",\"position\":1,\"name\":\"Accueil\",\"item\":\"https:\/\/elirra.com\/nl\/\"},{\"@type\":\"ListItem\",\"position\":2,\"name\":\"Contacteer ons\"}]},{\"@type\":\"WebSite\",\"@id\":\"https:\/\/elirra.com\/nl\/#website\",\"url\":\"https:\/\/elirra.com\/nl\/\",\"name\":\"Elirra\",\"description\":\"Electrical Infrared Radiant\",\"publisher\":{\"@id\":\"https:\/\/elirra.com\/nl\/#organization\"},\"potentialAction\":[{\"@type\":\"SearchAction\",\"target\":{\"@type\":\"EntryPoint\",\"urlTemplate\":\"https:\/\/elirra.com\/nl\/?s={search_term_string}\"},\"query-input\":\"required name=search_term_string\"}],\"inLanguage\":\"nl-NL\"},{\"@type\":\"Organization\",\"@id\":\"https:\/\/elirra.com\/nl\/#organization\",\"name\":\"Elirra - Le chauffage infrarouge longues ondes\",\"url\":\"https:\/\/elirra.com\/nl\/\",\"logo\":{\"@type\":\"ImageObject\",\"inLanguage\":\"nl-NL\",\"@id\":\"https:\/\/elirra.com\/nl\/#\/schema\/logo\/image\/\",\"url\":\"https:\/\/elirra.com\/wp-content\/uploads\/2022\/09\/Elirra.png\",\"contentUrl\":\"https:\/\/elirra.com\/wp-content\/uploads\/2022\/09\/Elirra.png\",\"width\":3279,\"height\":952,\"caption\":\"Elirra - Le chauffage infrarouge longues ondes\"},\"image\":{\"@id\":\"https:\/\/elirra.com\/nl\/#\/schema\/logo\/image\/\"},\"sameAs\":[\"https:\/\/www.facebook.com\/profile.php?id=100070011470539\"]}]}<\/script>\n<!-- \/ Yoast SEO plugin. -->","yoast_head_json":{"title":"Contacteer ons - Elirra","robots":{"index":"index","follow":"follow","max-snippet":"max-snippet:-1","max-image-preview":"max-image-preview:large","max-video-preview":"max-video-preview:-1"},"canonical":"https:\/\/elirra.com\/nl\/contacteer-ons\/","og_locale":"nl_NL","og_type":"article","og_title":"Contacteer ons - Elirra","og_description":"Neem contact op met ons Adres Vlaanderen \/ EuropaKloostermolenlaan 13800 Sint-TruidenBelgi\u00eb Walloni\u00ebrue de Goz\u00e9e 3006110 Montigny-Le-Tilleul (Charleroi) Telefoon Vlaanderen \/ Europa : +32 483 987 789Walloni\u00eb : +32 71 36 36 36 Email Vlaanderen \/ Europa: info(@)elirra.comWalloni\u00eb: foxeco(@)elirra.com Facebook-square Twitter Linkedin Wil je een offerte? Klik hier Stuur ons een bericht","og_url":"https:\/\/elirra.com\/nl\/contacteer-ons\/","og_site_name":"Elirra","article_publisher":"https:\/\/www.facebook.com\/profile.php?id=100070011470539","article_modified_time":"2024-06-21T11:48:32+00:00","twitter_card":"summary_large_image","twitter_misc":{"Geschatte leestijd":"1 minuut"},"schema":{"@context":"https:\/\/schema.org","@graph":[{"@type":"WebPage","@id":"https:\/\/elirra.com\/nl\/contacteer-ons\/","url":"https:\/\/elirra.com\/nl\/contacteer-ons\/","name":"Contacteer ons - Elirra","isPartOf":{"@id":"https:\/\/elirra.com\/nl\/#website"},"datePublished":"2022-04-01T09:50:37+00:00","dateModified":"2024-06-21T11:48:32+00:00","breadcrumb":{"@id":"https:\/\/elirra.com\/nl\/contacteer-ons\/#breadcrumb"},"inLanguage":"nl-NL","potentialAction":[{"@type":"ReadAction","target":["https:\/\/elirra.com\/nl\/contacteer-ons\/"]}]},{"@type":"BreadcrumbList","@id":"https:\/\/elirra.com\/nl\/contacteer-ons\/#breadcrumb","itemListElement":[{"@type":"ListItem","position":1,"name":"Accueil","item":"https:\/\/elirra.com\/nl\/"},{"@type":"ListItem","position":2,"name":"Contacteer ons"}]},{"@type":"WebSite","@id":"https:\/\/elirra.com\/nl\/#website","url":"https:\/\/elirra.com\/nl\/","name":"Elirra","description":"Electrical Infrared Radiant","publisher":{"@id":"https:\/\/elirra.com\/nl\/#organization"},"potentialAction":[{"@type":"SearchAction","target":{"@type":"EntryPoint","urlTemplate":"https:\/\/elirra.com\/nl\/?s={search_term_string}"},"query-input":"required name=search_term_string"}],"inLanguage":"nl-NL"},{"@type":"Organization","@id":"https:\/\/elirra.com\/nl\/#organization","name":"Elirra - Le chauffage infrarouge longues ondes","url":"https:\/\/elirra.com\/nl\/","logo":{"@type":"ImageObject","inLanguage":"nl-NL","@id":"https:\/\/elirra.com\/nl\/#\/schema\/logo\/image\/","url":"https:\/\/elirra.com\/wp-content\/uploads\/2022\/09\/Elirra.png","contentUrl":"https:\/\/elirra.com\/wp-content\/uploads\/2022\/09\/Elirra.png","width":3279,"height":952,"caption":"Elirra - Le chauffage infrarouge longues ondes"},"image":{"@id":"https:\/\/elirra.com\/nl\/#\/schema\/logo\/image\/"},"sameAs":["https:\/\/www.facebook.com\/profile.php?id=100070011470539"]}]}},"_links":{"self":[{"href":"https:\/\/elirra.com\/nl\/wp-json\/wp\/v2\/pages\/815","targetHints":{"allow":["GET"]}}],"collection":[{"href":"https:\/\/elirra.com\/nl\/wp-json\/wp\/v2\/pages"}],"about":[{"href":"https:\/\/elirra.com\/nl\/wp-json\/wp\/v2\/types\/page"}],"author":[{"embeddable":true,"href":"https:\/\/elirra.com\/nl\/wp-json\/wp\/v2\/users\/1"}],"replies":[{"embeddable":true,"href":"https:\/\/elirra.com\/nl\/wp-json\/wp\/v2\/comments?post=815"}],"version-history":[{"count":36,"href":"https:\/\/elirra.com\/nl\/wp-json\/wp\/v2\/pages\/815\/revisions"}],"predecessor-version":[{"id":1271,"href":"https:\/\/elirra.com\/nl\/wp-json\/wp\/v2\/pages\/815\/revisions\/1271"}],"wp:attachment":[{"href":"https:\/\/elirra.com\/nl\/wp-json\/wp\/v2\/media?parent=815"}],"curies":[{"name":"wp","href":"https:\/\/api.w.org\/{rel}","templated":true}]}}